{"id":2,"date":"2024-01-19T22:09:49","date_gmt":"2024-01-19T22:09:49","guid":{"rendered":"https:\/\/pearlprecious.ca\/?page_id=2"},"modified":"2026-04-15T10:33:52","modified_gmt":"2026-04-15T10:33:52","slug":"sample-page","status":"publish","type":"page","link":"https:\/\/pearlprecious.ca\/","title":{"rendered":"Accueil &#8211; bottom"},"content":{"rendered":"\n<h2 class=\"wp-block-heading\">Services<\/h2>\n\n\n\n<p>Mon service est GFE et toujours \u00e0 ma discr\u00e9tion en tout temps selon votre hygi\u00e8ne globale . Une douche est obligatoire avant la rencontre. Je me r\u00e9serve le droit de limiter mon service si votre propret\u00e9 laisse \u00e0 d\u00e9sirer.<\/p>\n\n\n\n<p>Je suis respectueuse et j\u2019attends la m\u00eame chose de toi. J&rsquo;aime mon travail sinc\u00e8rement mais je n\u2019exercerai aucune pratique que je ne d\u00e9sire pas pratiquer, il est inutile de me proposer de l&rsquo;argent peu importe le montant. Le respect de moi avant tout. Tout insistance mettra fin \u00e0 nos \u00e9changes et vous serez bloqu\u00e9 d\u00e9finitivement.<\/p>\n\n\n\n<p><strong style=\"color:#ffffff;\">Restrictions<\/strong><\/p>\n\n\n\n<ul class=\"wp-block-list\">\n<li>Aucun Cim mais surtout je n&rsquo;avale pas. Inutile de demander. Mon hygi\u00e8ne et la sant\u00e9 de moi et ma client\u00e8le est une priorit\u00e9 pour moi.<\/li>\n<\/ul>\n\n\n\n<p><strong style=\"color:#ffffff;\">Le savais tu ?<\/strong> <br>Les maladies sexuellements transmissibles sont \u00e9galement transmissible par la gorge .<\/p>\n\n\n\n<p>En donnant la priorit\u00e9 \u00e0 notre bien-\u00eatre, je me fais r\u00e9guli\u00e8rement tester pour les MTS et j&rsquo;appr\u00e9cierais le m\u00eame engagement de la part de mes clients. Ayons notre sant\u00e9 sexuelle \u00e0 coeur.<\/p>\n\n\n\n<figure class=\"wp-block-image size-large\"><img loading=\"lazy\" decoding=\"async\" width=\"683\" height=\"1024\" src=\"https:\/\/pearlprecious.ca\/wp-content\/uploads\/2024\/02\/IMG_2878-683x1024.jpg\" alt=\"\" class=\"wp-image-184\" srcset=\"https:\/\/pearlprecious.ca\/wp-content\/uploads\/2024\/02\/IMG_2878-683x1024.jpg 683w, https:\/\/pearlprecious.ca\/wp-content\/uploads\/2024\/02\/IMG_2878-200x300.jpg 200w, https:\/\/pearlprecious.ca\/wp-content\/uploads\/2024\/02\/IMG_2878-666x999.jpg 666w, https:\/\/pearlprecious.ca\/wp-content\/uploads\/2024\/02\/IMG_2878.jpg 720w\" sizes=\"auto, (max-width: 683px) 100vw, 683px\" \/><\/figure>\n\n\n\n<h2 class=\"wp-block-heading\">Disponibilit\u00e9s (incall &#8211; Je re\u00e7ois)<\/h2>\n\n\n\n<p><strong>Qu\u00e9bec<\/strong> Capitale-Nationale<\/p>\n\n\n\n<p>J\u2019ai  le plaisir de vous annoncer que je d\u00e9bute au Salon Le Priv\u00e9. Endroit tr\u00e8s propre et luxueux! Au plaisir de vous recevoir, messieurs. <br>Tarif ? Entre 210$ Minimum et 420$ Maximum .<\/p>\n\n\n\n<p>__________________________<\/p>\n\n\n\n<p>SAGUENAY , chicoutimi<\/p>\n\n\n\n<p>Horaire<\/p>\n\n\n\n<p>Lundi 20 Avril 12h jusqu&rsquo;\u00e0 23h<\/p>\n\n\n\n<p>Mardi 21 Avril 7h \u00e0 12ham<\/p>\n\n\n\n<p>Tarif<\/p>\n\n\n\n<p>220$\/30Min<\/p>\n\n\n\n<p>260$\/45Min<\/p>\n\n\n\n<p>300\/60Min<\/p>\n\n\n\n<p>420$\/90Min<\/p>\n\n\n\n<p>_________________________<br><\/p>\n\n\n\n<h2 class=\"wp-block-heading\">Disponibilit\u00e9s Outcall &#8211; D\u00e9placements , Seulement Qu\u00e9bec Capitale-Nationale<\/h2>\n\n\n\n<p>Mes disponibilit\u00e9s varient , je prend les rendez vous entres mes occupations scolaires et sportives , \u00e9cris moi . AUCUN rendez vous de derni\u00e8re minute . 12h-24h \u00e0 l&rsquo;avance minimum .<\/p>\n\n\n\n<figure class=\"wp-block-image size-large\"><img loading=\"lazy\" decoding=\"async\" width=\"701\" height=\"1024\" src=\"https:\/\/pearlprecious.ca\/wp-content\/uploads\/2024\/07\/image0-701x1024.jpeg\" alt=\"\" class=\"wp-image-419\" srcset=\"https:\/\/pearlprecious.ca\/wp-content\/uploads\/2024\/07\/image0-701x1024.jpeg 701w, https:\/\/pearlprecious.ca\/wp-content\/uploads\/2024\/07\/image0-205x300.jpeg 205w, https:\/\/pearlprecious.ca\/wp-content\/uploads\/2024\/07\/image0-768x1121.jpeg 768w, https:\/\/pearlprecious.ca\/wp-content\/uploads\/2024\/07\/image0-1052x1536.jpeg 1052w, https:\/\/pearlprecious.ca\/wp-content\/uploads\/2024\/07\/image0-1403x2048.jpeg 1403w, https:\/\/pearlprecious.ca\/wp-content\/uploads\/2024\/07\/image0-scaled.jpeg 1753w\" sizes=\"auto, (max-width: 701px) 100vw, 701px\" \/><\/figure>\n\n\n\n<h2 class=\"wp-block-heading\">Pr\u00e9cisions<\/h2>\n\n\n\n<p>Le paiement est seulement en argent comptant . Aucun virement bancaire accept\u00e9 <\/p>\n\n\n\n<p>Suite \u00e0 de nombreux \u00e9v\u00e9nements d\u00e9favorables Je dois prendre des mesures de s\u00e9curit\u00e9 pour confirmer le rendez vous . <\/p>\n\n\n\n<ul class=\"wp-block-list\">\n<li>Je recherche des hommes respectueux, g\u00e9n\u00e9reux et soign\u00e9s, reconaissants et capables d\u2019appr\u00e9cier la valeur d\u2019un moment intime.<\/li>\n\n\n\n<li>Je me permet d&rsquo;\u00eatre tr\u00e8s s\u00e9lective de ma client\u00e8le, la qualit\u00e9 avant la quantit\u00e9.<\/li>\n\n\n\n<li>Toute n\u00e9gociation ou \u00ab\u00a0deal\u00a0\u00bb entrainera la fin de notre \u00e9change.<\/li>\n\n\n\n<li>Votre approche par message en dit long sur vous.<\/li>\n\n\n\n<li>Quelques extra possibles seulement avec des clients d\u00e9j\u00e0 rencontr\u00e9s.<\/li>\n\n\n\n<li>Aucune personne sous l&rsquo;influence d&rsquo;alcool ou drogue dure ne sera accept\u00e9<br><\/li>\n<\/ul>\n\n\n\n<figure class=\"wp-block-image size-large\"><img loading=\"lazy\" decoding=\"async\" width=\"683\" height=\"1024\" src=\"https:\/\/pearlprecious.ca\/wp-content\/uploads\/2024\/02\/image1-683x1024.jpeg\" alt=\"\" class=\"wp-image-183\" srcset=\"https:\/\/pearlprecious.ca\/wp-content\/uploads\/2024\/02\/image1-683x1024.jpeg 683w, https:\/\/pearlprecious.ca\/wp-content\/uploads\/2024\/02\/image1-200x300.jpeg 200w, https:\/\/pearlprecious.ca\/wp-content\/uploads\/2024\/02\/image1-768x1151.jpeg 768w, https:\/\/pearlprecious.ca\/wp-content\/uploads\/2024\/02\/image1-1025x1536.jpeg 1025w, https:\/\/pearlprecious.ca\/wp-content\/uploads\/2024\/02\/image1-1366x2048.jpeg 1366w, https:\/\/pearlprecious.ca\/wp-content\/uploads\/2024\/02\/image1-666x999.jpeg 666w, https:\/\/pearlprecious.ca\/wp-content\/uploads\/2024\/02\/image1-scaled.jpeg 1708w\" sizes=\"auto, (max-width: 683px) 100vw, 683px\" \/><\/figure>\n\n\n\n<h2 class=\"wp-block-heading\">Le luxe ne s\u2019excuse jamais de son prix , je ne suis pas une option \u00e0 rabais, je suis une exp\u00e9rience \u00e0 valeur r\u00e9elle.<br><br>Contact<\/h2>\n\n\n\n<p><a href=\"mailto:PearlPreciousCourtisane@hotmail.com\">PearlPreciousCourtisane@hotmail.com<\/a><br>418-571-9101<\/p>\n","protected":false},"excerpt":{"rendered":"<p>Services Mon service est GFE et toujours \u00e0 ma discr\u00e9tion en tout temps selon votre hygi\u00e8ne globale . Une douche est obligatoire avant la rencontre. Je me r\u00e9serve le droit de limiter mon service si votre propret\u00e9 laisse \u00e0 d\u00e9sirer. Je suis respectueuse et j\u2019attends la m\u00eame chose de toi. J&rsquo;aime mon travail sinc\u00e8rement mais je n\u2019exercerai aucune pratique que je ne d\u00e9sire pas pratiquer, il est inutile de me proposer de l&rsquo;argent peu importe le montant. Le respect de moi avant tout. Tout insistance mettra fin \u00e0 nos \u00e9changes et vous serez bloqu\u00e9 d\u00e9finitivement. Restrictions Le savais tu ? Les maladies sexuellements transmissibles sont \u00e9galement transmissible par la gorge . En donnant la priorit\u00e9 \u00e0 notre bien-\u00eatre, je me fais r\u00e9guli\u00e8rement tester pour les MTS et j&rsquo;appr\u00e9cierais le m\u00eame engagement de la part de mes clients. Ayons notre sant\u00e9 sexuelle \u00e0 coeur. Disponibilit\u00e9s (incall &#8211; Je re\u00e7ois) Qu\u00e9bec Capitale-Nationale J\u2019ai le plaisir de vous annoncer que je d\u00e9bute au Salon Le Priv\u00e9. Endroit tr\u00e8s propre et luxueux! Au plaisir de vous recevoir, messieurs. Tarif ? Entre 210$ Minimum et 420$ Maximum . __________________________ SAGUENAY , chicoutimi Horaire Lundi 20 Avril 12h jusqu&rsquo;\u00e0 23h Mardi 21 Avril 7h \u00e0 12ham Tarif 220$\/30Min 260$\/45Min 300\/60Min 420$\/90Min _________________________ Disponibilit\u00e9s Outcall &#8211; D\u00e9placements , Seulement Qu\u00e9bec Capitale-Nationale Mes disponibilit\u00e9s varient , je prend les rendez vous entres mes occupations scolaires et sportives , \u00e9cris moi . AUCUN rendez vous de derni\u00e8re minute . 12h-24h \u00e0 l&rsquo;avance minimum . Pr\u00e9cisions Le paiement est seulement en argent comptant . Aucun virement bancaire accept\u00e9 Suite \u00e0 de nombreux \u00e9v\u00e9nements d\u00e9favorables Je dois prendre des mesures de s\u00e9curit\u00e9 pour confirmer le rendez vous . Le luxe ne s\u2019excuse jamais de son prix , je ne suis pas une option \u00e0 rabais, je suis une exp\u00e9rience \u00e0 valeur r\u00e9elle. Contact PearlPreciousCourtisane@hotmail.com418-571-9101<\/p>\n","protected":false},"author":1,"featured_media":0,"parent":0,"menu_order":0,"comment_status":"closed","ping_status":"open","template":"","meta":{"footnotes":""},"class_list":["post-2","page","type-page","status-publish","hentry"],"_links":{"self":[{"href":"https:\/\/pearlprecious.ca\/index.php?rest_route=\/wp\/v2\/pages\/2","targetHints":{"allow":["GET"]}}],"collection":[{"href":"https:\/\/pearlprecious.ca\/index.php?rest_route=\/wp\/v2\/pages"}],"about":[{"href":"https:\/\/pearlprecious.ca\/index.php?rest_route=\/wp\/v2\/types\/page"}],"author":[{"embeddable":true,"href":"https:\/\/pearlprecious.ca\/index.php?rest_route=\/wp\/v2\/users\/1"}],"replies":[{"embeddable":true,"href":"https:\/\/pearlprecious.ca\/index.php?rest_route=%2Fwp%2Fv2%2Fcomments&post=2"}],"version-history":[{"count":284,"href":"https:\/\/pearlprecious.ca\/index.php?rest_route=\/wp\/v2\/pages\/2\/revisions"}],"predecessor-version":[{"id":735,"href":"https:\/\/pearlprecious.ca\/index.php?rest_route=\/wp\/v2\/pages\/2\/revisions\/735"}],"wp:attachment":[{"href":"https:\/\/pearlprecious.ca\/index.php?rest_route=%2Fwp%2Fv2%2Fmedia&parent=2"}],"curies":[{"name":"wp","href":"https:\/\/api.w.org\/{rel}","templated":true}]}}